{"id":1939,"date":"2025-09-29T20:01:16","date_gmt":"2025-09-29T19:01:16","guid":{"rendered":"https:\/\/lerolab.online\/my-account\/"},"modified":"2026-01-26T11:20:36","modified_gmt":"2026-01-26T10:20:36","slug":"my-account","status":"publish","type":"page","link":"https:\/\/lerolab.online\/en\/my-account\/","title":{"rendered":"My account"},"content":{"rendered":"\t\t<div data-elementor-type=\"wp-page\" data-elementor-id=\"1939\" class=\"elementor elementor-1939 elementor-57\" data-elementor-post-type=\"page\">\n\t\t\t\t<div class=\"elementor-element elementor-element-733cce05 e-con-full e-flex e-con e-parent\" data-id=\"733cce05\" data-element_type=\"container\">\n\t\t<div class=\"elementor-element elementor-element-0ebbde4 e-con-full e-flex e-con e-child\" data-id=\"0ebbde4\" data-element_type=\"container\" data-settings=\"{&quot;background_background&quot;:&quot;classic&quot;}\">\n\t\t\t\t<div class=\"elementor-element elementor-element-788b6df elementor-widget elementor-widget-theme-site-logo elementor-widget-image\" data-id=\"788b6df\" data-element_type=\"widget\" data-widget_type=\"theme-site-logo.default\">\n\t\t\t\t<div class=\"elementor-widget-container\">\n\t\t\t\t\t\t\t\t\t\t\t<a href=\"https:\/\/lerolab.online\/en\/\">\n\t\t\t<img decoding=\"async\" width=\"408\" height=\"74\" src=\"https:\/\/lerolab.online\/wp-content\/uploads\/2025\/10\/Group-1.png\" class=\"attachment-full size-full wp-image-174\" alt=\"\" srcset=\"https:\/\/lerolab.online\/wp-content\/uploads\/2025\/10\/Group-1.png 408w, https:\/\/lerolab.online\/wp-content\/uploads\/2025\/10\/Group-1-300x54.png 300w\" sizes=\"(max-width: 408px) 100vw, 408px\" \/>\t\t\t\t<\/a>\n\t\t\t\t\t\t\t\t\t\t\t<\/div>\n\t\t\t\t<\/div>\n\t\t\t\t<div class=\"elementor-element elementor-element-ac5ffa9 elementor-widget elementor-widget-spacer\" data-id=\"ac5ffa9\" data-element_type=\"widget\" data-widget_type=\"spacer.default\">\n\t\t\t\t<div class=\"elementor-widget-container\">\n\t\t\t\t\t\t\t<div class=\"elementor-spacer\">\n\t\t\t<div class=\"elementor-spacer-inner\"><\/div>\n\t\t<\/div>\n\t\t\t\t\t\t<\/div>\n\t\t\t\t<\/div>\n\t\t\t\t<div class=\"elementor-element elementor-element-05d61a8 przelacznik elementor-hidden-desktop elementor-hidden-tablet elementor-hidden-mobile elementor-widget elementor-widget-wpml-language-switcher\" data-id=\"05d61a8\" data-element_type=\"widget\" data-widget_type=\"wpml-language-switcher.default\">\n\t\t\t\t<div class=\"elementor-widget-container\">\n\t\t\t\t\t<div class=\"wpml-elementor-ls\"><p class=\"wpml-ls-statics-post_translations wpml-ls\">This post is also available in: \n<span role=\"menu\">\n    <span class=\"wpml-ls-slot-post_translations wpml-ls-item wpml-ls-item-pl wpml-ls-first-item wpml-ls-item-legacy-post-translations\" role=\"none\"><a href=\"https:\/\/lerolab.online\/\" class=\"wpml-ls-link\" role=\"menuitem\" aria-label=\"Switch to Polish\" title=\"Switch to Polish\"><img decoding=\"async\"\n            class=\"wpml-ls-flag\"\n            src=\"https:\/\/lerolab.online\/wp-content\/plugins\/sitepress-multilingual-cms\/res\/flags\/pl.svg\"\n            alt=\"Polish\"\n            width=18\n            height=12\n    \/><\/a><\/span>    <span class=\"wpml-ls-slot-post_translations wpml-ls-item wpml-ls-item-en wpml-ls-current-language wpml-ls-item-legacy-post-translations\" role=\"none\"><a href=\"https:\/\/lerolab.online\/en\/\" class=\"wpml-ls-link\" role=\"menuitem\" ><img decoding=\"async\"\n            class=\"wpml-ls-flag\"\n            src=\"https:\/\/lerolab.online\/wp-content\/plugins\/sitepress-multilingual-cms\/res\/flags\/en.svg\"\n            alt=\"English\"\n            width=18\n            height=12\n    \/><\/a><\/span>    <span class=\"wpml-ls-slot-post_translations wpml-ls-item wpml-ls-item-es wpml-ls-last-item wpml-ls-item-legacy-post-translations\" role=\"none\"><a href=\"https:\/\/lerolab.online\/es\/\" class=\"wpml-ls-link\" role=\"menuitem\" aria-label=\"Switch to Spanish\" title=\"Switch to Spanish\"><img decoding=\"async\"\n            class=\"wpml-ls-flag\"\n            src=\"https:\/\/lerolab.online\/wp-content\/plugins\/sitepress-multilingual-cms\/res\/flags\/es.svg\"\n            alt=\"Spanish\"\n            width=18\n            height=12\n    \/><\/a><\/span><\/span>\n<\/p><\/div>\t\t\t\t<\/div>\n\t\t\t\t<\/div>\n\t\t\t\t<\/div>\n\t\t<div class=\"elementor-element elementor-element-d637071 e-con-full e-flex e-con e-child\" data-id=\"d637071\" data-element_type=\"container\">\n\t\t\t\t<\/div>\n\t\t\t\t<\/div>\n\t\t<div class=\"elementor-element elementor-element-7bded42 e-con-full e-flex e-con e-parent\" data-id=\"7bded42\" data-element_type=\"container\" data-settings=\"{&quot;background_background&quot;:&quot;gradient&quot;}\">\n\t\t\t\t<div class=\"elementor-element elementor-element-6bde193 e-my-account-tabs-vertical elementor-widget elementor-widget-woocommerce-my-account\" data-id=\"6bde193\" data-element_type=\"widget\" data-settings=\"{&quot;customize_dashboard_check&quot;:&quot;yes&quot;}\" data-widget_type=\"woocommerce-my-account.default\">\n\t\t\t\t<div class=\"elementor-widget-container\">\n\t\t\t\t\t<div class=\"e-my-account-tab e-my-account-tab__ \">\t\t\t<div class=\"woocommerce\"><\/div>\t\t<\/div>\n\t\t\t\t\t\t<\/div>\n\t\t\t\t<\/div>\n\t\t\t\t<div class=\"elementor-element elementor-element-26e5f07 elementor-widget elementor-widget-spacer\" data-id=\"26e5f07\" data-element_type=\"widget\" data-widget_type=\"spacer.default\">\n\t\t\t\t<div class=\"elementor-widget-container\">\n\t\t\t\t\t\t\t<div class=\"elementor-spacer\">\n\t\t\t<div class=\"elementor-spacer-inner\"><\/div>\n\t\t<\/div>\n\t\t\t\t\t\t<\/div>\n\t\t\t\t<\/div>\n\t\t\t\t<\/div>\n\t\t\t\t<\/div>\n\t\t","protected":false},"excerpt":{"rendered":"<p>This post is also available in: Dashboard Orders Downloads Address Metody p\u0142atno\u015bci Account details Biomarkery Psychometria Logout Witaj lero_kanrisha (nie jeste\u015b lero_kanrisha? Wyloguj si\u0119) W ustawieniach swojego konta mo\u017cesz przejrze\u0107 swoje ostatnie zam\u00f3wienia, zarz\u0105dza\u0107 adresami p\u0142atno\u015bci i dostawy oraz zmienia\u0107 has\u0142o i szczeg\u00f3\u0142y konta. Dashboard Orders Downloads Address Metody p\u0142atno\u015bci Account details Biomarkery Psychometria Logout [&hellip;]<\/p>\n","protected":false},"author":4,"featured_media":0,"parent":0,"menu_order":0,"comment_status":"closed","ping_status":"closed","template":"elementor_canvas","meta":{"_acf_changed":false,"inline_featured_image":false,"footnotes":""},"class_list":["post-1939","page","type-page","status-publish","hentry"],"acf":[],"_links":{"self":[{"href":"https:\/\/lerolab.online\/en\/wp-json\/wp\/v2\/pages\/1939","targetHints":{"allow":["GET"]}}],"collection":[{"href":"https:\/\/lerolab.online\/en\/wp-json\/wp\/v2\/pages"}],"about":[{"href":"https:\/\/lerolab.online\/en\/wp-json\/wp\/v2\/types\/page"}],"author":[{"embeddable":true,"href":"https:\/\/lerolab.online\/en\/wp-json\/wp\/v2\/users\/4"}],"replies":[{"embeddable":true,"href":"https:\/\/lerolab.online\/en\/wp-json\/wp\/v2\/comments?post=1939"}],"version-history":[{"count":18,"href":"https:\/\/lerolab.online\/en\/wp-json\/wp\/v2\/pages\/1939\/revisions"}],"predecessor-version":[{"id":3292,"href":"https:\/\/lerolab.online\/en\/wp-json\/wp\/v2\/pages\/1939\/revisions\/3292"}],"wp:attachment":[{"href":"https:\/\/lerolab.online\/en\/wp-json\/wp\/v2\/media?parent=1939"}],"curies":[{"name":"wp","href":"https:\/\/api.w.org\/{rel}","templated":true}]}}