{"id":1970,"date":"2025-03-05T15:29:18","date_gmt":"2025-03-05T14:29:18","guid":{"rendered":"https:\/\/lerolab.online\/inicio\/"},"modified":"2025-12-11T16:32:38","modified_gmt":"2025-12-11T15:32:38","slug":"inicio","status":"publish","type":"page","link":"https:\/\/lerolab.online\/es\/","title":{"rendered":"Inicio"},"content":{"rendered":"\t\t<div data-elementor-type=\"wp-page\" data-elementor-id=\"1970\" class=\"elementor elementor-1970 elementor-8\" data-elementor-post-type=\"page\">\n\t\t\t\t<div class=\"elementor-element elementor-element-9305141 e-con-full e-flex e-con e-parent\" data-id=\"9305141\" data-element_type=\"container\" data-settings=\"{&quot;background_background&quot;:&quot;classic&quot;}\">\n\t\t\t\t<div class=\"elementor-element elementor-element-589773d elementor-widget elementor-widget-heading\" data-id=\"589773d\" data-element_type=\"widget\" data-widget_type=\"heading.default\">\n\t\t\t\t<div class=\"elementor-widget-container\">\n\t\t\t\t\t<h2 class=\"elementor-heading-title elementor-size-default\">Investigaci\u00f3n y diagn\u00f3stico educativo <br>al m\u00e1s alto nivel<\/h2>\t\t\t\t<\/div>\n\t\t\t\t<\/div>\n\t\t\t\t<div class=\"elementor-element elementor-element-ea1cb84 elementor-hidden-tablet elementor-hidden-mobile elementor-widget elementor-widget-heading\" data-id=\"ea1cb84\" data-element_type=\"widget\" data-widget_type=\"heading.default\">\n\t\t\t\t<div class=\"elementor-widget-container\">\n\t\t\t\t\t<h3 class=\"elementor-heading-title elementor-size-default\">Psicometr\u00eda y biomarcadores para una imagen completa del desarrollo <br> cognitivo y fisiol\u00f3gico de ni\u00f1os y j\u00f3venes. <\/h3>\t\t\t\t<\/div>\n\t\t\t\t<\/div>\n\t\t\t\t<\/div>\n\t\t<div class=\"elementor-element elementor-element-492789c e-con-full e-flex e-con e-parent\" data-id=\"492789c\" data-element_type=\"container\" data-settings=\"{&quot;background_background&quot;:&quot;classic&quot;}\">\n\t\t<div class=\"elementor-element elementor-element-186b9b5 e-con-full e-flex e-con e-child\" data-id=\"186b9b5\" data-element_type=\"container\">\n\t\t\t\t<div class=\"elementor-element elementor-element-dcfb17d elementor-hidden-desktop elementor-widget elementor-widget-heading\" data-id=\"dcfb17d\" data-element_type=\"widget\" data-widget_type=\"heading.default\">\n\t\t\t\t<div class=\"elementor-widget-container\">\n\t\t\t\t\t<h2 class=\"elementor-heading-title elementor-size-default\">Psicometr\u00eda y biomarcadores para una imagen completa del desarrollo <br> cognitivo y fisiol\u00f3gico de ni\u00f1os y j\u00f3venes. <\/h2>\t\t\t\t<\/div>\n\t\t\t\t<\/div>\n\t\t\t\t<div class=\"elementor-element elementor-element-6fe0475 elementor-hidden-tablet elementor-hidden-mobile elementor-widget elementor-widget-image\" data-id=\"6fe0475\" data-element_type=\"widget\" data-widget_type=\"image.default\">\n\t\t\t\t<div class=\"elementor-widget-container\">\n\t\t\t\t\t\t\t\t\t\t\t\t\t\t\t<img fetchpriority=\"high\" decoding=\"async\" width=\"242\" height=\"264\" src=\"https:\/\/lerolab.online\/wp-content\/uploads\/2025\/10\/Grafika_umysl.png\" class=\"attachment-full size-full wp-image-1963\" alt=\"\" \/>\t\t\t\t\t\t\t\t\t\t\t\t\t\t\t<\/div>\n\t\t\t\t<\/div>\n\t\t\t\t<div class=\"elementor-element elementor-element-8f585a0 elementor-align-center elementor-hidden-tablet elementor-hidden-mobile elementor-widget elementor-widget-button\" data-id=\"8f585a0\" data-element_type=\"widget\" data-widget_type=\"button.default\">\n\t\t\t\t<div class=\"elementor-widget-container\">\n\t\t\t\t\t\t\t\t\t<div class=\"elementor-button-wrapper\">\n\t\t\t\t\t<a class=\"elementor-button elementor-button-link elementor-size-sm\" href=\"https:\/\/lerolab.online\/es\/psicometria\/\">\n\t\t\t\t\t\t<span class=\"elementor-button-content-wrapper\">\n\t\t\t\t\t\t\t\t\t<span class=\"elementor-button-text\">Descubre nuestra oferta de psicometr\u00eda<\/span>\n\t\t\t\t\t<\/span>\n\t\t\t\t\t<\/a>\n\t\t\t\t<\/div>\n\t\t\t\t\t\t\t\t<\/div>\n\t\t\t\t<\/div>\n\t\t\t\t<\/div>\n\t\t<div class=\"elementor-element elementor-element-25432ae e-con-full elementor-hidden-tablet elementor-hidden-mobile e-flex e-con e-child\" data-id=\"25432ae\" data-element_type=\"container\">\n\t\t\t\t<div class=\"elementor-element elementor-element-7a03bb6 elementor-widget elementor-widget-image\" data-id=\"7a03bb6\" data-element_type=\"widget\" data-widget_type=\"image.default\">\n\t\t\t\t<div class=\"elementor-widget-container\">\n\t\t\t\t\t\t\t\t\t\t\t\t\t\t\t<img decoding=\"async\" width=\"249\" height=\"250\" src=\"https:\/\/lerolab.online\/wp-content\/uploads\/2025\/10\/Grafika_dna.png\" class=\"attachment-full size-full wp-image-1964\" alt=\"\" srcset=\"https:\/\/lerolab.online\/wp-content\/uploads\/2025\/10\/Grafika_dna.png 249w, https:\/\/lerolab.online\/wp-content\/uploads\/2025\/10\/Grafika_dna-150x150.png 150w, https:\/\/lerolab.online\/wp-content\/uploads\/2025\/10\/Grafika_dna-100x100.png 100w\" sizes=\"(max-width: 249px) 100vw, 249px\" \/>\t\t\t\t\t\t\t\t\t\t\t\t\t\t\t<\/div>\n\t\t\t\t<\/div>\n\t\t\t\t<div class=\"elementor-element elementor-element-96783a6 elementor-align-center elementor-widget elementor-widget-button\" data-id=\"96783a6\" data-element_type=\"widget\" data-widget_type=\"button.default\">\n\t\t\t\t<div class=\"elementor-widget-container\">\n\t\t\t\t\t\t\t\t\t<div class=\"elementor-button-wrapper\">\n\t\t\t\t\t<a class=\"elementor-button elementor-button-link elementor-size-sm\" href=\"https:\/\/lerolab.online\/es\/biomarcadores\/\">\n\t\t\t\t\t\t<span class=\"elementor-button-content-wrapper\">\n\t\t\t\t\t\t\t\t\t<span class=\"elementor-button-text\">M\u00e1s informaci\u00f3n sobre biomarcadores<\/span>\n\t\t\t\t\t<\/span>\n\t\t\t\t\t<\/a>\n\t\t\t\t<\/div>\n\t\t\t\t\t\t\t\t<\/div>\n\t\t\t\t<\/div>\n\t\t\t\t<\/div>\n\t\t\t\t<\/div>\n\t\t<div class=\"elementor-element elementor-element-0ee095b elementor-hidden-desktop e-flex e-con-boxed e-con e-parent\" data-id=\"0ee095b\" data-element_type=\"container\">\n\t\t\t\t\t<div class=\"e-con-inner\">\n\t\t<div class=\"elementor-element elementor-element-494f4eb e-con-full e-flex e-con e-child\" data-id=\"494f4eb\" data-element_type=\"container\">\n\t\t\t\t<div class=\"elementor-element elementor-element-5dbb26e elementor-widget-mobile__width-initial elementor-widget elementor-widget-image\" data-id=\"5dbb26e\" data-element_type=\"widget\" data-widget_type=\"image.default\">\n\t\t\t\t<div class=\"elementor-widget-container\">\n\t\t\t\t\t\t\t\t\t\t\t\t\t\t\t<img decoding=\"async\" width=\"55\" height=\"60\" src=\"https:\/\/lerolab.online\/wp-content\/uploads\/2025\/10\/grafika_umysl_mobil.png\" class=\"attachment-full size-full wp-image-1966\" alt=\"\" \/>\t\t\t\t\t\t\t\t\t\t\t\t\t\t\t<\/div>\n\t\t\t\t<\/div>\n\t\t\t\t<div class=\"elementor-element elementor-element-2cb848c elementor-align-center elementor-widget elementor-widget-button\" data-id=\"2cb848c\" data-element_type=\"widget\" data-widget_type=\"button.default\">\n\t\t\t\t<div class=\"elementor-widget-container\">\n\t\t\t\t\t\t\t\t\t<div class=\"elementor-button-wrapper\">\n\t\t\t\t\t<a class=\"elementor-button elementor-button-link elementor-size-sm\" href=\"https:\/\/lerolab.online\/es\/psicometria\/\">\n\t\t\t\t\t\t<span class=\"elementor-button-content-wrapper\">\n\t\t\t\t\t\t\t\t\t<span class=\"elementor-button-text\">Descubre nuestra oferta de psicometr\u00eda<\/span>\n\t\t\t\t\t<\/span>\n\t\t\t\t\t<\/a>\n\t\t\t\t<\/div>\n\t\t\t\t\t\t\t\t<\/div>\n\t\t\t\t<\/div>\n\t\t\t\t<\/div>\n\t\t<div class=\"elementor-element elementor-element-69e2fbf e-con-full e-flex e-con e-child\" data-id=\"69e2fbf\" data-element_type=\"container\">\n\t\t\t\t<div class=\"elementor-element elementor-element-3356855 elementor-widget-mobile__width-initial elementor-widget elementor-widget-image\" data-id=\"3356855\" data-element_type=\"widget\" data-widget_type=\"image.default\">\n\t\t\t\t<div class=\"elementor-widget-container\">\n\t\t\t\t\t\t\t\t\t\t\t\t\t\t\t<img loading=\"lazy\" decoding=\"async\" width=\"57\" height=\"58\" src=\"https:\/\/lerolab.online\/wp-content\/uploads\/2025\/10\/grafika_dna_mobil.png\" class=\"attachment-full size-full wp-image-1967\" alt=\"\" \/>\t\t\t\t\t\t\t\t\t\t\t\t\t\t\t<\/div>\n\t\t\t\t<\/div>\n\t\t\t\t<div class=\"elementor-element elementor-element-81ba09c elementor-align-center elementor-widget elementor-widget-button\" data-id=\"81ba09c\" data-element_type=\"widget\" data-widget_type=\"button.default\">\n\t\t\t\t<div class=\"elementor-widget-container\">\n\t\t\t\t\t\t\t\t\t<div class=\"elementor-button-wrapper\">\n\t\t\t\t\t<a class=\"elementor-button elementor-button-link elementor-size-sm\" href=\"https:\/\/lerolab.online\/es\/biomarcadores\/\">\n\t\t\t\t\t\t<span class=\"elementor-button-content-wrapper\">\n\t\t\t\t\t\t\t\t\t<span class=\"elementor-button-text\">M\u00e1s informaci\u00f3n sobre biomarcadores<\/span>\n\t\t\t\t\t<\/span>\n\t\t\t\t\t<\/a>\n\t\t\t\t<\/div>\n\t\t\t\t\t\t\t\t<\/div>\n\t\t\t\t<\/div>\n\t\t\t\t<\/div>\n\t\t\t\t\t<\/div>\n\t\t\t\t<\/div>\n\t\t<div class=\"elementor-element elementor-element-0637ef6 e-con-full e-flex e-con e-parent\" data-id=\"0637ef6\" data-element_type=\"container\">\n\t\t<div class=\"elementor-element elementor-element-fc47ccc e-con-full e-flex e-con e-child\" data-id=\"fc47ccc\" data-element_type=\"container\">\n\t\t\t\t<div class=\"elementor-element elementor-element-3508847 elementor-widget elementor-widget-heading\" data-id=\"3508847\" data-element_type=\"widget\" data-widget_type=\"heading.default\">\n\t\t\t\t<div class=\"elementor-widget-container\">\n\t\t\t\t\t<h3 class=\"elementor-heading-title elementor-size-default\"><strong>En LERO Lab combinamos los m\u00e9todos m\u00e1s recientes de psicometr\u00eda y an\u00e1lisis de biomarcadores<\/strong> para ayudar a padres y psic\u00f3logos a comprender mejor el potencial y las necesidades de los ni\u00f1os.\n\n<br>Gracias a nosotros, el camino desde el diagn\u00f3stico hasta las recomendaciones personalizadas se vuelve m\u00e1s corto, sencillo y eficaz.<br><\/h3>\t\t\t\t<\/div>\n\t\t\t\t<\/div>\n\t\t\t\t<\/div>\n\t\t<div class=\"elementor-element elementor-element-c1e3aa7 e-con-full e-flex e-con e-child\" data-id=\"c1e3aa7\" data-element_type=\"container\">\n\t\t\t\t<div class=\"elementor-element elementor-element-1183131 elementor-hidden-tablet elementor-hidden-mobile elementor-widget elementor-widget-image\" data-id=\"1183131\" data-element_type=\"widget\" data-widget_type=\"image.default\">\n\t\t\t\t<div class=\"elementor-widget-container\">\n\t\t\t\t\t\t\t\t\t\t\t\t\t\t\t<img loading=\"lazy\" decoding=\"async\" width=\"854\" height=\"489\" src=\"https:\/\/lerolab.online\/wp-content\/uploads\/2025\/10\/Grafika_LERO.png\" class=\"attachment-full size-full wp-image-1968\" alt=\"\" srcset=\"https:\/\/lerolab.online\/wp-content\/uploads\/2025\/10\/Grafika_LERO.png 854w, https:\/\/lerolab.online\/wp-content\/uploads\/2025\/10\/Grafika_LERO-300x172.png 300w, https:\/\/lerolab.online\/wp-content\/uploads\/2025\/10\/Grafika_LERO-768x440.png 768w, https:\/\/lerolab.online\/wp-content\/uploads\/2025\/10\/Grafika_LERO-600x344.png 600w\" sizes=\"(max-width: 854px) 100vw, 854px\" \/>\t\t\t\t\t\t\t\t\t\t\t\t\t\t\t<\/div>\n\t\t\t\t<\/div>\n\t\t\t\t<div class=\"elementor-element elementor-element-8a9d05b elementor-hidden-desktop elementor-widget elementor-widget-image\" data-id=\"8a9d05b\" data-element_type=\"widget\" data-widget_type=\"image.default\">\n\t\t\t\t<div class=\"elementor-widget-container\">\n\t\t\t\t\t\t\t\t\t\t\t\t\t\t\t<img loading=\"lazy\" decoding=\"async\" width=\"330\" height=\"271\" src=\"https:\/\/lerolab.online\/wp-content\/uploads\/2025\/10\/Grafika_Lero_mobil.png\" class=\"attachment-full size-full wp-image-1969\" alt=\"\" srcset=\"https:\/\/lerolab.online\/wp-content\/uploads\/2025\/10\/Grafika_Lero_mobil.png 330w, https:\/\/lerolab.online\/wp-content\/uploads\/2025\/10\/Grafika_Lero_mobil-300x246.png 300w\" sizes=\"(max-width: 330px) 100vw, 330px\" \/>\t\t\t\t\t\t\t\t\t\t\t\t\t\t\t<\/div>\n\t\t\t\t<\/div>\n\t\t\t\t<\/div>\n\t\t\t\t<\/div>\n\t\t\t\t<\/div>\n\t\t","protected":false},"excerpt":{"rendered":"<p>Investigaci\u00f3n y diagn\u00f3stico educativo al m\u00e1s alto nivel Psicometr\u00eda y biomarcadores para una imagen completa del desarrollo cognitivo y fisiol\u00f3gico de ni\u00f1os y j\u00f3venes. Psicometr\u00eda y biomarcadores para una imagen completa del desarrollo cognitivo y fisiol\u00f3gico de ni\u00f1os y j\u00f3venes. Descubre nuestra oferta de psicometr\u00eda M\u00e1s informaci\u00f3n sobre biomarcadores Descubre nuestra oferta de psicometr\u00eda M\u00e1s [&hellip;]<\/p>\n","protected":false},"author":4,"featured_media":0,"parent":0,"menu_order":0,"comment_status":"closed","ping_status":"closed","template":"","meta":{"_acf_changed":false,"inline_featured_image":false,"footnotes":""},"class_list":["post-1970","page","type-page","status-publish","hentry"],"acf":[],"_links":{"self":[{"href":"https:\/\/lerolab.online\/es\/wp-json\/wp\/v2\/pages\/1970","targetHints":{"allow":["GET"]}}],"collection":[{"href":"https:\/\/lerolab.online\/es\/wp-json\/wp\/v2\/pages"}],"about":[{"href":"https:\/\/lerolab.online\/es\/wp-json\/wp\/v2\/types\/page"}],"author":[{"embeddable":true,"href":"https:\/\/lerolab.online\/es\/wp-json\/wp\/v2\/users\/4"}],"replies":[{"embeddable":true,"href":"https:\/\/lerolab.online\/es\/wp-json\/wp\/v2\/comments?post=1970"}],"version-history":[{"count":3,"href":"https:\/\/lerolab.online\/es\/wp-json\/wp\/v2\/pages\/1970\/revisions"}],"predecessor-version":[{"id":1993,"href":"https:\/\/lerolab.online\/es\/wp-json\/wp\/v2\/pages\/1970\/revisions\/1993"}],"wp:attachment":[{"href":"https:\/\/lerolab.online\/es\/wp-json\/wp\/v2\/media?parent=1970"}],"curies":[{"name":"wp","href":"https:\/\/api.w.org\/{rel}","templated":true}]}}