{"id":2868,"date":"2025-03-05T16:21:17","date_gmt":"2025-03-05T15:21:17","guid":{"rendered":"https:\/\/lerolab.online\/politica-de-privacidad\/"},"modified":"2026-01-13T11:02:53","modified_gmt":"2026-01-13T10:02:53","slug":"politica-de-privacidad","status":"publish","type":"page","link":"https:\/\/lerolab.online\/es\/politica-de-privacidad\/","title":{"rendered":"Pol\u00edtica de privacidad"},"content":{"rendered":"\t\t<div data-elementor-type=\"wp-page\" data-elementor-id=\"2868\" class=\"elementor elementor-2868 elementor-3\" data-elementor-post-type=\"page\">\n\t\t\t\t<div class=\"elementor-element elementor-element-72b13469 e-flex e-con-boxed e-con e-parent\" data-id=\"72b13469\" data-element_type=\"container\">\n\t\t\t\t\t<div class=\"e-con-inner\">\n\t\t\t\t<div class=\"elementor-element elementor-element-ac248b7 elementor-widget elementor-widget-heading\" data-id=\"ac248b7\" data-element_type=\"widget\" data-widget_type=\"heading.default\">\n\t\t\t\t<div class=\"elementor-widget-container\">\n\t\t\t\t\t<h2 class=\"elementor-heading-title elementor-size-default\">Pol\u00edtica de privacidad de LeroLab y Reglamento de prestaci\u00f3n de servicios por v\u00eda electr\u00f3nica<\/h2>\t\t\t\t<\/div>\n\t\t\t\t<\/div>\n\t\t\t\t<div class=\"elementor-element elementor-element-372d11f1 elementor-widget elementor-widget-text-editor\" data-id=\"372d11f1\" data-element_type=\"widget\" data-widget_type=\"text-editor.default\">\n\t\t\t\t<div class=\"elementor-widget-container\">\n\t\t\t\t\t\t\t\t\t<div class=\"elementor-element elementor-element-65c8e54 elementor-widget elementor-widget-heading\" data-id=\"65c8e54\" data-element_type=\"widget\" data-widget_type=\"heading.default\">\n<h2 class=\"elementor-heading-title elementor-size-default\"><strong style=\"font-size: 16px;\">  1. DISPOSICIONES GENERALES<\/strong><\/h2>\n<\/div>\n<div class=\"elementor-element elementor-element-44e028a0 elementor-widget elementor-widget-text-editor\" data-id=\"44e028a0\" data-element_type=\"widget\" data-widget_type=\"text-editor.default\">\n<p>El presente Reglamento determina las condiciones y normas de prestaci\u00f3n de servicios por v\u00eda electr\u00f3nica a trav\u00e9s de la p\u00e1gina web de LERO, gestionada por Wilandt Institute Sp. z o.o. con domicilio social en Sopot, ul. Kujawska 50\/52, 81-862 Sopot, inscrita en el registro de empresarios del Tribunal de Distrito de Gda\u0144sk-P\u00f3\u0142noc en Gda\u0144sk con el n\u00famero KRS: 0001049727, NIP: 5851501667, en adelante denominada \u00abPrestador de Servicios\u00bb.<br>El Reglamento se pone a disposici\u00f3n de forma gratuita a trav\u00e9s de la p\u00e1gina web, de forma que se permita su obtenci\u00f3n, reproducci\u00f3n y grabaci\u00f3n de su contenido mediante impresi\u00f3n o grabaci\u00f3n en un soporte.<br>La condici\u00f3n para utilizar los Servicios prestados por el Prestador de Servicios es leer el contenido del Reglamento y aceptarlo.  <\/p>\n<p> <\/p>\n<p><strong>2. DEFINICIONES<\/strong><\/p>\n<p><strong>Reglamento<\/strong>: el presente documento que define las condiciones y normas de prestaci\u00f3n de servicios por v\u00eda electr\u00f3nica por parte del Prestador de Servicios.<br><strong>Usuario<\/strong>: persona f\u00edsica, persona jur\u00eddica o unidad organizativa sin personalidad jur\u00eddica que utiliza los Servicios prestados por el Prestador de Servicios.<br><strong>Consumidor<\/strong>: persona f\u00edsica que realiza con el Prestador de Servicios un acto jur\u00eddico no relacionado directamente con su actividad econ\u00f3mica o profesional.<br><strong>Servicio<\/strong>: servicio prestado por v\u00eda electr\u00f3nica por el Prestador de Servicios al Usuario a trav\u00e9s de la p\u00e1gina web.<br><strong>Cuenta<\/strong>: conjunto de recursos y derechos dentro de la p\u00e1gina web asignados a un Usuario concreto.<br><strong>Contrato<\/strong>: contrato de prestaci\u00f3n de Servicios celebrado entre el Prestador de Servicios y el Usuario seg\u00fan las normas establecidas en el Reglamento.<\/p>\n<p> <\/p>\n<p><strong>3. TIPOS Y ALCANCE DE LOS SERVICIOS PRESTADOS POR V\u00cdA ELECTR\u00d3NICA<\/strong><\/p>\n<p>El Prestador de Servicios presta a trav\u00e9s de la p\u00e1gina web los siguientes Servicios:<br>posibilidad de crear y gestionar una Cuenta de Usuario,<br>posibilidad de realizar pedidos de Servicios<br>posibilidad de utilizar el formulario de contacto<\/p>\n<ul class=\"wp-block-list\">\n<li>bolet\u00edn informativo<\/li>\n<\/ul>\n<p> <\/p>\n<p>El uso de los Servicios prestados por el Prestador de Servicios es posible tras la aceptaci\u00f3n del presente Reglamento.<\/p>\n<p> <\/p>\n<p><strong>4. CONDICIONES DE PRESTACI\u00d3N DE SERVICIOS POR V\u00cdA ELECTR\u00d3NICA<\/strong><\/p>\n<p><strong>Requisitos t\u00e9cnicos<\/strong><br>Para utilizar la p\u00e1gina web y los Servicios ofrecidos a trav\u00e9s de ella, es necesario:<br>un dispositivo con acceso a Internet<br>un navegador web compatible con JavaScript y cookies<br>una cuenta de correo electr\u00f3nico activa (e-mail)<\/p>\n<p>El Prestador de Servicios no se responsabiliza de los problemas t\u00e9cnicos o las limitaciones t\u00e9cnicas que se produzcan en el equipo inform\u00e1tico utilizado por el Usuario, que impidan o dificulten al Usuario el uso de la p\u00e1gina web y de los Servicios ofrecidos a trav\u00e9s de ella.<\/p>\n<p> <\/p>\n<p><strong>5. CONDICIONES DE CELEBRACI\u00d3N Y RESOLUCI\u00d3N DE CONTRATOS<\/strong><\/p>\n<p><strong>Registro y gesti\u00f3n de la Cuenta<\/strong><br>El registro de la Cuenta en la p\u00e1gina web es voluntario y gratuito.<br>Para crear una Cuenta, el Usuario deber\u00e1 rellenar el formulario de registro disponible en la p\u00e1gina web, facilitando los datos requeridos y estableciendo una contrase\u00f1a de acceso.<br>Tras rellenar el formulario de registro, se enviar\u00e1 un mensaje con un enlace de activaci\u00f3n a la direcci\u00f3n de correo electr\u00f3nico del Usuario. Al hacer clic en el enlace de activaci\u00f3n se completa el proceso de registro de la Cuenta.<br>El Usuario puede eliminar la Cuenta en cualquier momento sin indicar el motivo, enviando una solicitud adecuada al Prestador de Servicios, en particular a trav\u00e9s del correo electr\u00f3nico a la direcci\u00f3n: lero@lerolab.io <\/p>\n<p><strong>Realizaci\u00f3n de pedidos de Servicios<\/strong><br>Los pedidos de Servicios se pueden realizar a trav\u00e9s de la p\u00e1gina web los 7 d\u00edas de la semana, las 24 horas del d\u00eda. Para realizar un pedido, es necesario: <\/p>\n<ul>\n<li>seleccionar el Servicio objeto del pedido<br>rellenar el formulario de pedido<\/li>\n<li>seleccionar la forma de pago<br>aceptar el Reglamento <\/li>\n<li>hacer clic en el bot\u00f3n \u00abRealizar el pedido con obligaci\u00f3n de pago\u00bb o equivalente.<\/li>\n<\/ul>\n<p> <\/p>\n<p>Tras realizar el pedido, el Usuario recibir\u00e1 en la direcci\u00f3n de correo electr\u00f3nico facilitada una confirmaci\u00f3n de la recepci\u00f3n del pedido junto con el n\u00famero de pedido.<br>El contrato de prestaci\u00f3n del Servicio se celebra en el momento en que el Usuario recibe la confirmaci\u00f3n de la recepci\u00f3n del pedido, mencionada en el punto 3 anterior.<\/p>\n<p> <\/p>\n<p><strong>6. PAGOS<\/strong><\/p>\n<p>Los precios de los Servicios indicados en la p\u00e1gina web son precios brutos (incluyen el IVA) y est\u00e1n expresados en eslotis polacos.<br>Los pagos en l\u00ednea son gestionados por el intermediario de pagos Stripe. El Prestador de Servicios pone a disposici\u00f3n las siguientes formas de pago:<br>tarjetas de pago (Visa, Mastercard, American Express)<br>transferencias en l\u00ednea<br>PayPal<br>El Prestador de Servicios presta Servicios en el territorio de la Uni\u00f3n Europea, Reino Unido, Suiza y Noruega.<br>En el caso de pago con tarjeta de pago, el cargo en la tarjeta se realiza en el momento de realizar el pedido.<br>En el caso de elegir la transferencia en l\u00ednea, se deber\u00e1 realizar el pago inmediatamente despu\u00e9s de realizar el pedido. Transcurrido este plazo, el pedido podr\u00e1 ser cancelado.<br>El Prestador de Servicios emite facturas IVA o recibos fiscales de acuerdo con la normativa fiscal vigente.<br>Todos los pagos est\u00e1n protegidos mediante el protocolo SSL, que garantiza la seguridad de las transacciones en Internet.<br>En el caso de pagos internacionales, el importe de la transacci\u00f3n podr\u00e1 ser convertido a la moneda local de acuerdo con el tipo de cambio vigente en la fecha de realizaci\u00f3n del pago.<br>El Prestador de Servicios tiene previsto ampliar su actividad en el futuro a los mercados de EE. UU., Oriente Medio y pa\u00edses asi\u00e1ticos, lo que podr\u00e1 conllevar la introducci\u00f3n de m\u00e9todos de pago adicionales adaptados a las caracter\u00edsticas espec\u00edficas de estos mercados.<br>En caso de problemas con los pagos, el Usuario deber\u00e1 ponerse en contacto con el Prestador de Servicios a trav\u00e9s de la direcci\u00f3n de correo electr\u00f3nico: office@lero.education o por tel\u00e9fono.  <\/p>\n<p><strong>7. REALIZACI\u00d3N DE LOS SERVICIOS<\/strong><\/p>\n<p>La realizaci\u00f3n del Servicio comienza:<\/p>\n<p>a) tras la acreditaci\u00f3n del pago en la cuenta bancaria del Prestador de Servicios, en el caso de pago por transferencia<br>b) tras la recepci\u00f3n por parte del Prestador de Servicios de la informaci\u00f3n sobre la realizaci\u00f3n del pago, en el caso de pagos electr\u00f3nicos<br>El plazo de realizaci\u00f3n del Servicio es de 7 d\u00edas, salvo que en la descripci\u00f3n del Servicio o durante la realizaci\u00f3n del pedido se indique otro plazo<\/p>\n<p>El Prestador de Servicios se compromete a la debida prestaci\u00f3n de los Servicios especificados en el presente Reglamento.<\/p>\n<p> <\/p>\n<p><strong>8. DERECHO DE DESISTIMIENTO DEL CONTRATO<\/strong><\/p>\n<p>El Consumidor que haya celebrado un Contrato a distancia podr\u00e1 desistir del mismo en un plazo de 14 d\u00edas sin indicar el motivo y sin incurrir en ning\u00fan coste, a excepci\u00f3n de los costes especificados en el art. 33, art. 34, apdo. 2 y art. 35 de la Ley de derechos del consumidor.<br>El plazo para desistir del Contrato comienza a contar a partir del d\u00eda de la celebraci\u00f3n del Contrato.<br>El Consumidor podr\u00e1 desistir del Contrato presentando al Prestador de Servicios una declaraci\u00f3n de desistimiento del Contrato. La declaraci\u00f3n se podr\u00e1 presentar en el formulario cuyo modelo constituye el anexo n\u00ba 2 de la Ley de derechos del consumidor.<br>Para cumplir el plazo, basta con enviar la declaraci\u00f3n de voluntad antes de su vencimiento.<br>El derecho de desistimiento del Contrato no corresponde al Consumidor en relaci\u00f3n con los Contratos:<br>prestaci\u00f3n de servicios, si el Prestador de Servicios ha realizado \u00edntegramente el servicio con el consentimiento expreso del Consumidor, que ha sido informado antes del inicio de la prestaci\u00f3n de que, tras el cumplimiento de la prestaci\u00f3n por parte del Prestador de Servicios, perder\u00e1 el derecho de desistimiento del Contrato<br>en el que el objeto de la prestaci\u00f3n es un bien entregado en un embalaje precintado, que tras la apertura del embalaje no se puede devolver por motivos de protecci\u00f3n de la salud o por motivos higi\u00e9nicos, si el embalaje ha sido abierto tras la entrega.     <\/p>\n<p> <\/p>\n<p><strong>9. RECLAMACIONES<\/strong><\/p>\n<p>El Prestador de Servicios se compromete a prestar Servicios libres de defectos.<br>En caso de incumplimiento o cumplimiento indebido del Servicio por parte del Prestador de Servicios, el Usuario tiene derecho a presentar una reclamaci\u00f3n.<br>La reclamaci\u00f3n deber\u00e1 contener:<br>datos del Usuario (nombre, apellidos, direcci\u00f3n, direcci\u00f3n de correo electr\u00f3nico)<br>objeto de la reclamaci\u00f3n junto con su justificaci\u00f3n<br>solicitud del Usuario<\/p>\n<p> <\/p>\n<p>Las reclamaciones se deber\u00e1n dirigir a la direcci\u00f3n:<br>electr\u00f3nica: lero@lerolab.io<br>con la menci\u00f3n o el asunto \u00abReclamaci\u00f3n\u00bb<br>El Prestador de Servicios tramitar\u00e1 la reclamaci\u00f3n en un plazo de 14 d\u00edas a partir de la fecha de su recepci\u00f3n. Si la reclamaci\u00f3n no puede ser tramitada en este plazo, el Prestador de Servicios informar\u00e1 al Usuario de los motivos del retraso y del plazo previsto para la tramitaci\u00f3n de la reclamaci\u00f3n.<br>La respuesta a la reclamaci\u00f3n se enviar\u00e1 a la direcci\u00f3n de correo electr\u00f3nico del Usuario indicada en la reclamaci\u00f3n o de otra forma indicada por el Usuario <\/p>\n<p><strong>10. PROTECCI\u00d3N DE DATOS PERSONALES<\/strong><\/p>\n<p>El administrador de los datos personales de los Usuarios es el Prestador de Servicios.<br>Los datos personales de los Usuarios se tratan de acuerdo con las disposiciones del Reglamento del Parlamento Europeo y del Consejo (UE) 2016\/679, de 27 de abril de 2016, relativo a la protecci\u00f3n de las personas f\u00edsicas en lo que respecta al tratamiento de datos personales y a la libre circulaci\u00f3n de estos datos y por el que se deroga la Directiva 95\/46\/CE (RGPD) y la Ley de protecci\u00f3n de datos personales.<br>La informaci\u00f3n detallada sobre el tratamiento de datos personales se encuentra en la Pol\u00edtica de Privacidad disponible en la direcci\u00f3n: lero@lerolab.io <\/p>\n<p> <\/p>\n<p><strong>11. PROPIEDAD INTELECTUAL<\/strong><\/p>\n<p>Todos los derechos de la p\u00e1gina web, incluidos sus elementos gr\u00e1ficos, logotipos, dise\u00f1o de la p\u00e1gina, fotograf\u00edas, v\u00eddeos, textos, descripciones de los Servicios y otros contenidos publicados en la p\u00e1gina web, as\u00ed como el software de la p\u00e1gina web, pertenecen al Prestador de Servicios o a las entidades con las que el Prestador de Servicios ha celebrado los contratos correspondientes.<br>Est\u00e1 prohibido copiar, modificar, difundir o utilizar de cualquier otra forma cualquier elemento de la p\u00e1gina web sin el consentimiento previo del Prestador de Servicios.<\/p>\n<p> <\/p>\n<p><strong>12. DISPOSICIONES FINALES<\/strong><\/p>\n<p>El Reglamento entra en vigor el 01.01.2026<br>El Prestador de Servicios se reserva el derecho de modificar el Reglamento por causas importantes, en particular:<br>modificaci\u00f3n de las disposiciones legales<br>modificaci\u00f3n de las formas de pago<br>modificaci\u00f3n del alcance o la forma de los Servicios prestados<br>modificaci\u00f3n de los datos del Prestador de Servicios El Prestador de Servicios informar\u00e1 a los Usuarios de las modificaciones del Reglamento mediante la publicaci\u00f3n del nuevo contenido del Reglamento en la p\u00e1gina web y el env\u00edo de informaci\u00f3n sobre las modificaciones a la direcci\u00f3n de correo electr\u00f3nico de los Usuarios que tengan una Cuenta.<br>Las modificaciones del Reglamento entrar\u00e1n en vigor en un plazo de 14 d\u00edas a partir de la fecha de su publicaci\u00f3n en la p\u00e1gina web. Los pedidos realizados antes de la entrada en vigor de las modificaciones del Reglamento se tramitar\u00e1n seg\u00fan las disposiciones vigentes del Reglamento.<br>El Usuario que no acepte el nuevo contenido del Reglamento deber\u00e1 notificar este hecho al Prestador de Servicios antes de la fecha de entrada en vigor de las modificaciones del Reglamento. La no aceptaci\u00f3n del nuevo contenido del Reglamento dar\u00e1 lugar a la resoluci\u00f3n del Contrato.<br>En los asuntos no regulados en el Reglamento, se aplicar\u00e1n las disposiciones del Derecho polaco, en particular el C\u00f3digo Civil, la Ley de derechos del consumidor, la Ley de prestaci\u00f3n de servicios por v\u00eda electr\u00f3nica y el RGPD.<br>Todas las controversias derivadas del Contrato ser\u00e1n resueltas por el tribunal competente para el domicilio social del Prestador de Servicios. En el caso de los Usuarios que sean Consumidores, las controversias ser\u00e1n resueltas por el tribunal competente de acuerdo con las disposiciones del C\u00f3digo de Procedimiento Civil.<br>El Reglamento est\u00e1 disponible en ingl\u00e9s, espa\u00f1ol y polaco.<br>El Reglamento est\u00e1 disponible de forma gratuita en la direcci\u00f3n lerolab.io en un formato que permita su obtenci\u00f3n, reproducci\u00f3n y grabaci\u00f3n.   <\/p>\n<\/div>\t\t\t\t\t\t\t\t<\/div>\n\t\t\t\t<\/div>\n\t\t\t\t\t<\/div>\n\t\t\t\t<\/div>\n\t\t\t\t<\/div>\n\t\t","protected":false},"excerpt":{"rendered":"<p>Pol\u00edtica de privacidad de LeroLab y Reglamento de prestaci\u00f3n de servicios por v\u00eda electr\u00f3nica 1. DISPOSICIONES GENERALES El presente Reglamento determina las condiciones y normas de prestaci\u00f3n de servicios por v\u00eda electr\u00f3nica a trav\u00e9s de la p\u00e1gina web de LERO, gestionada por Wilandt Institute Sp. z o.o. con domicilio social en Sopot, ul. Kujawska 50\/52, [&hellip;]<\/p>\n","protected":false},"author":4,"featured_media":0,"parent":0,"menu_order":0,"comment_status":"closed","ping_status":"open","template":"","meta":{"_acf_changed":false,"inline_featured_image":false,"footnotes":""},"class_list":["post-2868","page","type-page","status-publish","hentry"],"acf":[],"_links":{"self":[{"href":"https:\/\/lerolab.online\/es\/wp-json\/wp\/v2\/pages\/2868","targetHints":{"allow":["GET"]}}],"collection":[{"href":"https:\/\/lerolab.online\/es\/wp-json\/wp\/v2\/pages"}],"about":[{"href":"https:\/\/lerolab.online\/es\/wp-json\/wp\/v2\/types\/page"}],"author":[{"embeddable":true,"href":"https:\/\/lerolab.online\/es\/wp-json\/wp\/v2\/users\/4"}],"replies":[{"embeddable":true,"href":"https:\/\/lerolab.online\/es\/wp-json\/wp\/v2\/comments?post=2868"}],"version-history":[{"count":2,"href":"https:\/\/lerolab.online\/es\/wp-json\/wp\/v2\/pages\/2868\/revisions"}],"predecessor-version":[{"id":2870,"href":"https:\/\/lerolab.online\/es\/wp-json\/wp\/v2\/pages\/2868\/revisions\/2870"}],"wp:attachment":[{"href":"https:\/\/lerolab.online\/es\/wp-json\/wp\/v2\/media?parent=2868"}],"curies":[{"name":"wp","href":"https:\/\/api.w.org\/{rel}","templated":true}]}}